{"id":124,"date":"2022-06-17T17:22:13","date_gmt":"2022-06-17T14:22:13","guid":{"rendered":"https:\/\/mediacrabs.com\/medpoint-yeni\/?page_id=124"},"modified":"2022-07-25T09:59:30","modified_gmt":"2022-07-25T06:59:30","slug":"sobre-nosotros","status":"publish","type":"page","link":"http:\/\/www.hairvard.com\/es\/sobre-nosotros\/","title":{"rendered":"Sobre Nosotros"},"content":{"rendered":"<p>Medpoint Global, que recibe con gusto a sus hu\u00e9spedes de muchas partes del mundo para operaciones cosm\u00e9ticas y de trasplante de cabello en Turqu\u00eda\/Estambul, uno de los pa\u00edses l\u00edderes en trasplante de cabello, ha experimentado una tasa de \u00e9xito cada vez mayor desde el d\u00eda de su fundaci\u00f3n.<\/p>\n<p>Medpoint Global, que recibi\u00f3 el premio \u00abEl mejor centro revolucionario de trasplante capilar del a\u00f1o\u00bb en los International City Awards por su trabajo, sigue de cerca los desarrollos en su campo y ofrece servicios m\u00e1s actualizados y seguros a sus pacientes.<\/p>\n<p>Servicios dentro de Medpoint Global;<\/p>\n<ul>\n<li>Trasplante de cabello y tratamientos<\/li>\n<li>Trasplante de barba y tratamientos<\/li>\n<li>Trasplante de cejas y tratamientos<\/li>\n<li>Trasplantes y tratamientos capilares sin afeitar,<\/li>\n<li>Trasplantes y Tratamientos Capilares en Mujeres,<\/li>\n<\/ul>\n<p>T\u00e9cnicas utilizadas en MedpointGlobal;<\/p>\n<ul>\n<li>T\u00e9cnica del canal de zafiro<\/li>\n<li>T\u00e9cnica Dhi Plus<\/li>\n<li>Metodo Fue<\/li>\n<\/ul>\n<p>* No tiene que preocuparse por el dolor en Medpoint Global. Estamos aqu\u00ed para una operaci\u00f3n m\u00e1s c\u00f3moda con dispositivos de anestesia indoloros de \u00faltima tecnolog\u00eda.<\/p>\n<p>* Antes de la operaci\u00f3n, su m\u00e9dico analiza el estado actual y el futuro de su cabello en un entorno inform\u00e1tico con dispositivos de an\u00e1lisis especiales y su programa de trasplante de cabello se crea especialmente para usted, junto con usted.<\/p>\n<p>\u00a13 d\u00edas son suficientes para cambiar tu vida!<\/p>\n<p>Su calendario de operaciones;<\/p>\n<ul>\n<li>1 d\u00eda; Llegada-consulta-descanso<\/li>\n<li>2 \u00ba d\u00eda; Operaci\u00f3n-reposo<\/li>\n<li>3er d\u00eda; Control &#8211; retorno<\/li>\n<\/ul>\n<p>Con la \u00faltima tecnolog\u00eda de tratamiento con c\u00e9lulas madre Otolog plus aplicada con \u00e9xito por los m\u00e9dicos de MedpointGlobal, le garantizamos que recuperar\u00e1 su aspecto anterior en 1 semana.<\/p>\n<p>* \u00a1Hemos pensado en todo para ti!<\/p>\n<p>\u00a1Con el grupo de whatsapp que se crear\u00e1 despu\u00e9s de la operaci\u00f3n, ser\u00e1 seguido por su especialista y consultor que realiz\u00f3 su operaci\u00f3n hasta la finalizaci\u00f3n exitosa de su proceso!<\/p>\n<p>Te estaremos esperando en el aeropuerto de Estambul con nuestros veh\u00edculos VIP.<\/p>\n<p>Todos sus traslados y planificaci\u00f3n de alojamiento se compartir\u00e1n con usted antes de su llegada a Estambul.<\/p>\n<p>Durante su experiencia de viaje, todo el equipo de Medpoint Global trabajara para usted, con su asesor hablando el mismo idioma que usted.<\/p>\n<p>Otros servicios dentro de MedpointGlobal;<\/p>\n<ul>\n<li>Operaciones de cirugia plastica<\/li>\n<li>Operaciones dentales<\/li>\n<li>Operaciones oculares<\/li>\n<li>Aplicaciones m\u00e9dicas est\u00e9ticas<\/li>\n<\/ul>\n","protected":false},"excerpt":{"rendered":"<p>Medpoint Global, que recibe con gusto a sus hu\u00e9spedes de muchas partes del mundo para operaciones cosm\u00e9ticas y de trasplante de cabello en Turqu\u00eda\/Estambul, uno de los pa\u00edses l\u00edderes en trasplante de cabello, ha experimentado una tasa de \u00e9xito cada vez mayor desde el d\u00eda de su fundaci\u00f3n. Medpoint Global, que recibi\u00f3 el premio \u00abEl [&hellip;]<\/p>\n","protected":false},"author":2,"featured_media":0,"parent":0,"menu_order":0,"comment_status":"closed","ping_status":"closed","template":"","meta":[],"aioseo_notices":[],"_links":{"self":[{"href":"http:\/\/www.hairvard.com\/es\/wp-json\/wp\/v2\/pages\/124"}],"collection":[{"href":"http:\/\/www.hairvard.com\/es\/wp-json\/wp\/v2\/pages"}],"about":[{"href":"http:\/\/www.hairvard.com\/es\/wp-json\/wp\/v2\/types\/page"}],"author":[{"embeddable":true,"href":"http:\/\/www.hairvard.com\/es\/wp-json\/wp\/v2\/users\/2"}],"replies":[{"embeddable":true,"href":"http:\/\/www.hairvard.com\/es\/wp-json\/wp\/v2\/comments?post=124"}],"version-history":[{"count":6,"href":"http:\/\/www.hairvard.com\/es\/wp-json\/wp\/v2\/pages\/124\/revisions"}],"predecessor-version":[{"id":587,"href":"http:\/\/www.hairvard.com\/es\/wp-json\/wp\/v2\/pages\/124\/revisions\/587"}],"wp:attachment":[{"href":"http:\/\/www.hairvard.com\/es\/wp-json\/wp\/v2\/media?parent=124"}],"curies":[{"name":"wp","href":"https:\/\/api.w.org\/{rel}","templated":true}]}}