{"id":124,"date":"2022-06-17T17:22:13","date_gmt":"2022-06-17T14:22:13","guid":{"rendered":"https:\/\/mediacrabs.com\/medpoint-yeni\/?page_id=124"},"modified":"2022-07-25T12:51:59","modified_gmt":"2022-07-25T09:51:59","slug":"a-propos-de-nous","status":"publish","type":"page","link":"http:\/\/www.hairvard.com\/fr\/a-propos-de-nous\/","title":{"rendered":"A propos de nous"},"content":{"rendered":"\n<p>Medpoint Global, accueille avec plaisir ses invit\u00e9s de nombreuses r\u00e9gions du monde pour la greffe de cheveux et les op\u00e9rations esth\u00e9tiques en Turquie\/Istanbul, l&rsquo;un des principaux pays du monde en mati\u00e8re de greffe de cheveux, enregistre un taux de r\u00e9ussite sans cesse croissant depuis le jour de sa cr\u00e9ation.<\/p>\n\n\n\n<p>Medpoint Global, a re\u00e7u le prix du \u00ab\u00a0Meilleur centre de greffe de cheveux r\u00e9volutionnaire de l&rsquo;ann\u00e9e\u00a0\u00bb aux International City Awards pour son travail, suit de pr\u00e8s les d\u00e9veloppements dans son domaine et offre des services plus \u00e0 jour et plus s\u00fbrs \u00e0 ses patients.<\/p>\n\n\n\n<p>Services propos\u00e9s au sein de Medpoint Global ;<\/p>\n\n\n\n<ul><li>Greffe de cheveux et traitements<\/li><li>Greffe de barbe et traitements<\/li><li>Greffe de sourcils et traitements<\/li><li>Greffe et traitements de cheveux non ras\u00e9s,<\/li><li>Greffe de cheveux et traitements chez les femmes,<\/li><\/ul>\n\n\n\n<p>Techniques utilis\u00e9es au sein de MedpointGlobal ;<\/p>\n\n\n\n<ul><li>Technique du canal saphir<\/li><li>Technique Dhi Plus<\/li><li>M\u00e9thode Fue<\/li><\/ul>\n\n\n\n<p>Chez Medpoint Global, vous n&rsquo;avez pas \u00e0 vous soucier de la douleur. Nous sommes l\u00e0 pour une op\u00e9ration plus confortable avec les appareils d&rsquo;anesth\u00e9sie indolores de derni\u00e8re technologie.<\/p>\n\n\n\n<p>Avant l&rsquo;op\u00e9ration, votre m\u00e9decin analyse l&rsquo;\u00e9tat actuel et futur de vos cheveux dans un environnement informatique avec des appareils d&rsquo;analyse sp\u00e9ciaux, et votre planification de greffe de cheveux est cr\u00e9\u00e9e avec vous.<\/p>\n\n\n\n<p>3 jours suffisent pour changer de vie !<\/p>\n\n\n\n<p>Votre calendrier d&rsquo;op\u00e9rations ;<\/p>\n\n\n\n<ul><li>Premier jour; arriv\u00e9e-consultation-repos<\/li><li>Deuxi\u00e8me jours; op\u00e9ration-repos<\/li><li>Troisi\u00e8me jours; visite de la ville d&rsquo;Istanbul-contr\u00f4le-retour<\/li><\/ul>\n\n\n\n<p>Avec la derni\u00e8re technologie de traitement autologue plus et de cellules souches appliqu\u00e9e avec succ\u00e8s par les m\u00e9decins de MedpointGlobal, nous vous garantissons que vous retrouverez votre ancien look en 1 semaine.<\/p>\n\n\n\n<p>Nous avons pens\u00e9 \u00e0 tout pour vous !<\/p>\n\n\n\n<p>Avec le groupe whatsapp cr\u00e9er apr\u00e8s l&rsquo;op\u00e9ration, vous serez suivi par votre sp\u00e9cialiste et consultant qui a effectu\u00e9 votre op\u00e9ration&nbsp; jusqu&rsquo;\u00e0 ce que votre processus se termine avec succ\u00e8s !<\/p>\n\n\n\n<p>Nous vous acceuillerons \u00e0 l&rsquo;a\u00e9roport d&rsquo;Istanbul avec nos v\u00e9hicules VIP.<\/p>\n\n\n\n<p>Votre transfert et la planification de votre h\u00e9bergement seront partag\u00e9s avec vous avant votre arriv\u00e9e \u00e0 Istanbul.<\/p>\n\n\n\n<p>Tout au long de votre exp\u00e9rience, vous serez accompagn\u00e9 par toute l&rsquo;\u00e9quipe de Medpoint Global ainsi que votre conseiller parlant la m\u00eame langue que vous.<\/p>\n\n\n\n<p>&nbsp;Autres services au sein de MedpointGlobal ;<\/p>\n\n\n\n<ul><li>Op\u00e9rations de chirurgie plastique<\/li><li>Op\u00e9rations dentaires<\/li><li>Op\u00e9rations des yeux<\/li><li>Applications m\u00e9dico-esth\u00e9tiques<\/li><\/ul>\n","protected":false},"excerpt":{"rendered":"<p>Medpoint Global, accueille avec plaisir ses invit\u00e9s de nombreuses r\u00e9gions du monde pour la greffe de cheveux et les op\u00e9rations esth\u00e9tiques en Turquie\/Istanbul, l&rsquo;un des principaux pays du monde en mati\u00e8re de greffe de cheveux, enregistre un taux de r\u00e9ussite sans cesse croissant depuis le jour de sa cr\u00e9ation. Medpoint Global, a re\u00e7u le prix [&hellip;]<\/p>\n","protected":false},"author":2,"featured_media":0,"parent":0,"menu_order":0,"comment_status":"closed","ping_status":"closed","template":"","meta":[],"aioseo_notices":[],"_links":{"self":[{"href":"http:\/\/www.hairvard.com\/fr\/wp-json\/wp\/v2\/pages\/124"}],"collection":[{"href":"http:\/\/www.hairvard.com\/fr\/wp-json\/wp\/v2\/pages"}],"about":[{"href":"http:\/\/www.hairvard.com\/fr\/wp-json\/wp\/v2\/types\/page"}],"author":[{"embeddable":true,"href":"http:\/\/www.hairvard.com\/fr\/wp-json\/wp\/v2\/users\/2"}],"replies":[{"embeddable":true,"href":"http:\/\/www.hairvard.com\/fr\/wp-json\/wp\/v2\/comments?post=124"}],"version-history":[{"count":6,"href":"http:\/\/www.hairvard.com\/fr\/wp-json\/wp\/v2\/pages\/124\/revisions"}],"predecessor-version":[{"id":624,"href":"http:\/\/www.hairvard.com\/fr\/wp-json\/wp\/v2\/pages\/124\/revisions\/624"}],"wp:attachment":[{"href":"http:\/\/www.hairvard.com\/fr\/wp-json\/wp\/v2\/media?parent=124"}],"curies":[{"name":"wp","href":"https:\/\/api.w.org\/{rel}","templated":true}]}}