{"id":124,"date":"2022-06-17T17:22:13","date_gmt":"2022-06-17T14:22:13","guid":{"rendered":"https:\/\/mediacrabs.com\/medpoint-yeni\/?page_id=124"},"modified":"2022-07-07T21:38:11","modified_gmt":"2022-07-07T18:38:11","slug":"hakkimizda","status":"publish","type":"page","link":"http:\/\/www.hairvard.com\/tr\/hakkimizda\/","title":{"rendered":"Hakk\u0131m\u0131zda"},"content":{"rendered":"\n<p>Sa\u00e7 ekimi konusunda d\u00fcnyan\u0131n \u00f6nde gelen \u00fclkelerinden T\u00fcrkiye\/\u0130stanbul&#8217;da, d\u00fcnyan\u0131n bir \u00e7ok yerinden sa\u00e7 ekimi ve estetik operasyonlar i\u00e7in gelen misafirlerini memnuniyetle a\u011f\u0131rlayan Medpoint Global,kuruldugu g\u00fcnden bu yana giderek artan bir ba\u015far\u0131 grafi\u011fi \u00e7izmektedir.<\/p>\n\n\n\n<p>Yapt\u0131\u011f\u0131 \u00e7al\u0131\u015fmalarla Uluslararas\u0131 \u015eehir \u00d6d\u00fcllerinde &#8216;Y\u0131l\u0131n En \u0130yi \u00c7\u0131k\u0131\u015f Yapan Sa\u00e7 Ekim Merkezi&#8217; \u00f6d\u00fcl\u00fcne lay\u0131k g\u00f6r\u00fclen Medpoint Global, alan\u0131ndaki geli\u015fmeleride yak\u0131ndan takip ederek hastalar\u0131na daha g\u00fcncel ve daha g\u00fcvenli hizmetler sunuyor.<\/p>\n\n\n\n<p>Medpoint Global b\u00fcnyesindeki hizmetler;<\/p>\n\n\n\n<ul><li>Sa\u00e7 ekimi ve tedavileri<\/li><li>Sakal ekimi ve tedavileri<\/li><li>Ka\u015f ekimi ve tedavileri<\/li><li>Tra\u015fs\u0131z Sa\u00e7 Ekimi ve Tedavileri,<\/li><li>Kad\u0131nlarda Sa\u00e7 Ekimi ve Tedavileri,<\/li><\/ul>\n\n\n\n<p>MedpointGlobal b\u00fcnyesinde kullan\u0131lan teknikler;<\/p>\n\n\n\n<ul><li>Safir kanal tekni\u011fi<\/li><li>Dhi Plus tekni\u011fi<\/li><li>Fue y\u00f6ntemi<\/li><\/ul>\n\n\n\n<p>*Medpoint Global&#8217;de a\u011fr\u0131 ile ilgili bir endi\u015fe duyman\u0131za gerek yok. Son teknoloji a\u011fr\u0131s\u0131z anestezi cihazlar\u0131 ile daha konforlu bir operasyon i\u00e7in buraday\u0131z.<\/p>\n\n\n\n<p>*Operasyon \u00f6ncesinde \u00f6zel analiz cihazlar\u0131 ile bilgisayar ortam\u0131nda sa\u00e7lar\u0131n\u0131z\u0131n mevcut ve gelecekteki durumunu doktorunuz taraf\u0131ndan analiz edilir ve sa\u00e7 ekimi planlaman\u0131z size \u00f6zel, sizinle beraber olu\u015fturulur.<\/p>\n\n\n\n<p>Hayat\u0131n\u0131z\u0131 de\u011fi\u015ftirmek i\u00e7in ihtiyac\u0131n\u0131z olan tek \u015fey sadece 3 g\u00fcn!<br>Operasyon takviminiz;<\/p>\n\n\n\n<ul><li>1.g\u00fcn; Geli\u015f-kons\u00fcltasyon- dinlenme<\/li><li>2.g\u00fcn; Operasyon-dinlenme<\/li><li>3.g\u00fcn; \u0130stanbul \u015fehir turu-kontrol-d\u00f6n\u00fc\u015f<\/li><\/ul>\n\n\n\n<p>MedpointGlobal, doktorlar\u0131 taraf\u0131ndan ba\u015far\u0131 ile uygulanan son teknoloji otolog plus k\u00f6k h\u00fccre tedavisi ile 1 hafta i\u00e7inde eski g\u00f6r\u00fcn\u00fcm\u00fcn\u00fcze kavu\u015fman\u0131z\u0131 garantiliyoruz.<\/p>\n\n\n\n<p>*Sizin i\u00e7in her\u015feyi d\u00fc\u015f\u00fcnd\u00fck!<\/p>\n\n\n\n<p>Operasyon sonras\u0131 olu\u015fturulacak whatsapp gurubu ile operasyonunuzu yapan uzman ve dan\u0131\u015fman\u0131n\u0131z taraf\u0131ndan s\u00fcreciniz ba\u015far\u0131yla sonlanana kadar takip ediliyor olacaks\u0131n\u0131z!<\/p>\n\n\n\n<p>\u0130stanbul havaalan\u0131nda vip ara\u00e7lar\u0131m\u0131zla seni bekliyor olaca\u011f\u0131z.<br>T\u00fcm transfer ve konaklama planlaman\u0131z istanbul&#8217;a gelmeden \u00f6nce sizinle payla\u015f\u0131lacakt\u0131r.<\/p>\n\n\n\n<p>Seyahat deneyiminiz boyunca sizinle ayn\u0131 dili konu\u015fan dan\u0131\u015fman\u0131n\u0131z nezlinde t\u00fcm Medpoint Global ekibi sizin i\u00e7in \u00e7al\u0131\u015f\u0131r.<\/p>\n\n\n\n<p>MedpointGlobal b\u00fcnyesindeki di\u011fer hizmetler;<\/p>\n\n\n\n<ul><li>Estetik cerrahi operasyonlar\u0131<\/li><li>Di\u015f operasyonlar\u0131<\/li><li>G\u00f6z operasyonlar\u0131<\/li><li>Medikal estetik uygulamalar\u0131<\/li><\/ul>\n","protected":false},"excerpt":{"rendered":"<p>Sa\u00e7 ekimi konusunda d\u00fcnyan\u0131n \u00f6nde gelen \u00fclkelerinden T\u00fcrkiye\/\u0130stanbul&#8217;da, d\u00fcnyan\u0131n bir \u00e7ok yerinden sa\u00e7 ekimi ve estetik operasyonlar i\u00e7in gelen misafirlerini memnuniyetle a\u011f\u0131rlayan Medpoint Global,kuruldugu g\u00fcnden bu yana giderek artan bir ba\u015far\u0131 grafi\u011fi \u00e7izmektedir. Yapt\u0131\u011f\u0131 \u00e7al\u0131\u015fmalarla Uluslararas\u0131 \u015eehir \u00d6d\u00fcllerinde &#8216;Y\u0131l\u0131n En \u0130yi \u00c7\u0131k\u0131\u015f Yapan Sa\u00e7 Ekim Merkezi&#8217; \u00f6d\u00fcl\u00fcne lay\u0131k g\u00f6r\u00fclen Medpoint Global, alan\u0131ndaki geli\u015fmeleride yak\u0131ndan takip [&hellip;]<\/p>\n","protected":false},"author":2,"featured_media":0,"parent":0,"menu_order":0,"comment_status":"closed","ping_status":"closed","template":"","meta":[],"aioseo_notices":[],"_links":{"self":[{"href":"http:\/\/www.hairvard.com\/tr\/wp-json\/wp\/v2\/pages\/124"}],"collection":[{"href":"http:\/\/www.hairvard.com\/tr\/wp-json\/wp\/v2\/pages"}],"about":[{"href":"http:\/\/www.hairvard.com\/tr\/wp-json\/wp\/v2\/types\/page"}],"author":[{"embeddable":true,"href":"http:\/\/www.hairvard.com\/tr\/wp-json\/wp\/v2\/users\/2"}],"replies":[{"embeddable":true,"href":"http:\/\/www.hairvard.com\/tr\/wp-json\/wp\/v2\/comments?post=124"}],"version-history":[{"count":4,"href":"http:\/\/www.hairvard.com\/tr\/wp-json\/wp\/v2\/pages\/124\/revisions"}],"predecessor-version":[{"id":394,"href":"http:\/\/www.hairvard.com\/tr\/wp-json\/wp\/v2\/pages\/124\/revisions\/394"}],"wp:attachment":[{"href":"http:\/\/www.hairvard.com\/tr\/wp-json\/wp\/v2\/media?parent=124"}],"curies":[{"name":"wp","href":"https:\/\/api.w.org\/{rel}","templated":true}]}}