{"id":472,"date":"2022-07-13T09:12:26","date_gmt":"2022-07-13T06:12:26","guid":{"rendered":"https:\/\/mediacrabs.com\/medpoint-yeni\/?page_id=472"},"modified":"2022-07-13T09:12:27","modified_gmt":"2022-07-13T06:12:27","slug":"istanbul-kultur-turu","status":"publish","type":"page","link":"http:\/\/www.hairvard.com\/tr\/istanbul-kultur-turu\/","title":{"rendered":"\u0130stanbul K\u00fclt\u00fcr Turu"},"content":{"rendered":"\n<figure class=\"wp-block-embed is-type-video is-provider-youtube wp-block-embed-youtube wp-embed-aspect-16-9 wp-has-aspect-ratio\"><div class=\"wp-block-embed__wrapper\">\n<iframe loading=\"lazy\" title=\"\u0130stanbul Cultural Tour.. Medpoint Global Hair Transplantation - TURKEY\" width=\"500\" height=\"281\" src=\"https:\/\/www.youtube.com\/embed\/DbF_Re-dwdA?feature=oembed\" frameborder=\"0\" allow=\"accelerometer; autoplay; clipboard-write; encrypted-media; gyroscope; picture-in-picture\" allowfullscreen><\/iframe>\n<\/div><\/figure>\n","protected":false},"excerpt":{"rendered":"","protected":false},"author":1,"featured_media":0,"parent":0,"menu_order":0,"comment_status":"closed","ping_status":"closed","template":"","meta":[],"aioseo_notices":[],"_links":{"self":[{"href":"http:\/\/www.hairvard.com\/tr\/wp-json\/wp\/v2\/pages\/472"}],"collection":[{"href":"http:\/\/www.hairvard.com\/tr\/wp-json\/wp\/v2\/pages"}],"about":[{"href":"http:\/\/www.hairvard.com\/tr\/wp-json\/wp\/v2\/types\/page"}],"author":[{"embeddable":true,"href":"http:\/\/www.hairvard.com\/tr\/wp-json\/wp\/v2\/users\/1"}],"replies":[{"embeddable":true,"href":"http:\/\/www.hairvard.com\/tr\/wp-json\/wp\/v2\/comments?post=472"}],"version-history":[{"count":1,"href":"http:\/\/www.hairvard.com\/tr\/wp-json\/wp\/v2\/pages\/472\/revisions"}],"predecessor-version":[{"id":474,"href":"http:\/\/www.hairvard.com\/tr\/wp-json\/wp\/v2\/pages\/472\/revisions\/474"}],"wp:attachment":[{"href":"http:\/\/www.hairvard.com\/tr\/wp-json\/wp\/v2\/media?parent=472"}],"curies":[{"name":"wp","href":"https:\/\/api.w.org\/{rel}","templated":true}]}}